{"id":21,"date":"2021-01-21T20:06:22","date_gmt":"2021-01-21T20:06:22","guid":{"rendered":"http:\/\/neu.zertifikat-waldpaedagogik.de\/?page_id=21"},"modified":"2022-12-16T16:09:26","modified_gmt":"2022-12-16T16:09:26","slug":"service","status":"publish","type":"page","link":"https:\/\/neu.zertifikat-waldpaedagogik.de\/?page_id=21","title":{"rendered":"Service"},"content":{"rendered":"\n<p>Hier finden Sie das bundesweit g\u00fcltige Regelwerk f\u00fcr die Fortbildung &#8222;Zertifikat Waldp\u00e4dagogik&#8220;<\/p>\n\n\n<p><a href=\"https:\/\/neu.zertifikat-waldpaedagogik.de\/wp-content\/uploads\/2021\/11\/Gemeinsame_Rahmenregelungen_Mindeststandards_Zertifikat_Waldpaedagogik-Stand-19.10.2021.pdf\">Rahmenrichtlinie&nbsp; Zertifikat&nbsp; Waldp\u00e4dagogik 19.10.2021<\/a><\/p>","protected":false},"excerpt":{"rendered":"<p>Hier finden Sie das bundesweit g\u00fcltige Regelwerk f\u00fcr die Fortbildung &#8222;Zertifikat Waldp\u00e4dagogik&#8220; Rahmenrichtlinie&nbsp; Zertifikat&nbsp; Waldp\u00e4dagogik 19.10.2021<\/p>\n","protected":false},"author":1,"featured_media":0,"parent":0,"menu_order":0,"comment_status":"closed","ping_status":"closed","template":"","meta":{"neve_meta_sidebar":"full-width","neve_meta_container":"default","neve_meta_enable_content_width":"on","neve_meta_content_width":100,"neve_meta_title_alignment":"","neve_meta_author_avatar":"","neve_post_elements_order":"","neve_meta_disable_header":"","neve_meta_disable_footer":"","neve_meta_disable_title":"","footnotes":""},"class_list":["post-21","page","type-page","status-publish","hentry"],"_links":{"self":[{"href":"https:\/\/neu.zertifikat-waldpaedagogik.de\/index.php?rest_route=\/wp\/v2\/pages\/21","targetHints":{"allow":["GET"]}}],"collection":[{"href":"https:\/\/neu.zertifikat-waldpaedagogik.de\/index.php?rest_route=\/wp\/v2\/pages"}],"about":[{"href":"https:\/\/neu.zertifikat-waldpaedagogik.de\/index.php?rest_route=\/wp\/v2\/types\/page"}],"author":[{"embeddable":true,"href":"https:\/\/neu.zertifikat-waldpaedagogik.de\/index.php?rest_route=\/wp\/v2\/users\/1"}],"replies":[{"embeddable":true,"href":"https:\/\/neu.zertifikat-waldpaedagogik.de\/index.php?rest_route=%2Fwp%2Fv2%2Fcomments&post=21"}],"version-history":[{"count":15,"href":"https:\/\/neu.zertifikat-waldpaedagogik.de\/index.php?rest_route=\/wp\/v2\/pages\/21\/revisions"}],"predecessor-version":[{"id":340,"href":"https:\/\/neu.zertifikat-waldpaedagogik.de\/index.php?rest_route=\/wp\/v2\/pages\/21\/revisions\/340"}],"wp:attachment":[{"href":"https:\/\/neu.zertifikat-waldpaedagogik.de\/index.php?rest_route=%2Fwp%2Fv2%2Fmedia&parent=21"}],"curies":[{"name":"wp","href":"https:\/\/api.w.org\/{rel}","templated":true}]}}