{"id":49,"date":"2021-01-21T21:56:09","date_gmt":"2021-01-21T21:56:09","guid":{"rendered":"http:\/\/neu.zertifikat-waldpaedagogik.de\/?page_id=49"},"modified":"2024-01-24T11:01:11","modified_gmt":"2024-01-24T11:01:11","slug":"kontakt","status":"publish","type":"page","link":"https:\/\/neu.zertifikat-waldpaedagogik.de\/?page_id=49","title":{"rendered":"Kursanbieter"},"content":{"rendered":"\n<div class=\"wp-block-group\"><div class=\"wp-block-group__inner-container is-layout-flow wp-block-group-is-layout-flow\">\n<p>Tr\u00e4ger des Zertifikates Waldp\u00e4dagogik sind die einzelnen Landesforstverwaltungen. <br>Ausk\u00fcnfte f\u00fcr die konkreten Kursangebote erhalten Sie bei den verantwortlichen Stellen der Bundesl\u00e4nder und ihrer Partner:<\/p>\n\n\n\n<div class=\"wp-block-group alignfull\"><div class=\"wp-block-group__inner-container is-layout-flow wp-block-group-is-layout-flow\">\n<div class=\"wp-block-columns is-layout-flex wp-container-core-columns-is-layout-9d6595d7 wp-block-columns-is-layout-flex\">\n<div class=\"wp-block-column is-vertically-aligned-center is-layout-flow wp-block-column-is-layout-flow\" style=\"flex-basis:70%\">\n<div class=\"wp-block-columns is-layout-flex wp-container-core-columns-is-layout-9d6595d7 wp-block-columns-is-layout-flex\">\n<div class=\"wp-block-column is-vertically-aligned-top is-layout-flow wp-block-column-is-layout-flow\" style=\"flex-basis:100%\">\n<p class=\"has-nv-dark-bg-color has-nv-c-1-background-color has-text-color has-background\"><strong><strong>Baden-W\u00fcrttemberg<\/strong><\/strong><br><a rel=\"noreferrer noopener\" href=\"http:\/\/www.hausdeswaldes.de\" target=\"_blank\">Forst Baden-W\u00fcrttemberg Haus des Walde<\/a>s<br>K\u00f6nigstr\u00e4\u00dfle 74, 70597 Stuttgart<br>E-Mail: <a href=\"mailto:hausdeswaldes@forstbw.de\">hausdeswaldes.@forstbw.de<\/a><\/p>\n<\/div>\n<\/div>\n\n\n\n<p class=\"has-nv-dark-bg-color has-nv-c-1-background-color has-text-color has-background\"><strong>Bayern<\/strong><br><a rel=\"noreferrer noopener\" href=\"http:\/\/www.stmelf.bayern.de\/wald\/waldpaedagogik\/waldpaedagogik-zertifikat\/index.php\" target=\"_blank\">Bayerische Forstverwaltung<\/a><br>Bayerische Landesanstalt f\u00fcr Wald und Forstwirtschaft, Abteilung 8 &#8211; Wissenstransfer, \u00d6ffentlichkeitsarbeit, Waldp\u00e4dagogik, Koordinierungsstelle Zertifikat Waldp\u00e4dagogik<br>Hans-Carl-von-Carlowitz-Platz 1, 85354 Freising<br>E-Mail: <a href=\"mailto:zertifikat.waldpaedagogik@lwf.bayern.de\">zertifikat.waldpaedagogik@lwf.bayern.de<\/a><\/p>\n\n\n\n<p class=\"has-nv-dark-bg-color has-nv-c-1-background-color has-text-color has-background\"><strong>Berlin<\/strong><br><a href=\"http:\/\/www.stadtentwicklung.berlin.https:\/\/www.berlin.de\/forsten\/waldbildung\/\" target=\"_blank\" rel=\"noreferrer noopener\">Berliner Forsten<\/a><br>E-Mail: <a href=\"mailto:marc.franusch@senuvk.berlin.de\">marc.franusch@senuvk.berlin.de<\/a><\/p>\n\n\n\n<p class=\"has-nv-c-1-background-color has-background\"><strong>Brandenburg<\/strong><br><a rel=\"noreferrer noopener\" href=\"https:\/\/forst.brandenburg.de\/lfb\/de\/themen\/waldpaedagogik\/\" target=\"_blank\"><\/a><a rel=\"noreferrer noopener\" href=\"https:\/\/forst.brandenburg.de\/lfb\/de\/themen\/waldpaedagogik\/\" target=\"_blank\">Forst Brandenburg<\/a><br><a rel=\"noreferrer noopener\" href=\"https:\/\/www.hnee.de\/de\/Startseite\/HNEEberswalde-Startseite-E9875.htm\" target=\"_blank\">Hochschule f\u00fcr Nachhaltige  Entwicklung Eberswalde (HNE)<\/a><br>E-Mail: <a href=\"mailto:astrid.schilling@hnee.de\">astrid.schilling@hnee.de<\/a><\/p>\n\n\n\n<p class=\"has-nv-c-1-background-color has-background\"><strong>Bremen<\/strong><br><em>zur Zeit kein Angebot<\/em><\/p>\n\n\n\n<p class=\"has-nv-c-1-background-color has-background\"><strong>Hamburg<\/strong><br><em>zur Zeit kein Angebot<\/em><\/p>\n\n\n\n<p class=\"has-nv-c-1-background-color has-background\"><strong>Hessen <\/strong><br><a href=\"https:\/\/www.hessen-forst.de\/bildung\/waldpaedagogikzertifikat\">HessenForst<\/a><br>Forstliches Bildungszentrum Weilburg<br>Kampweg 1, 35781 Weilburg<br>E-Mail: <a href=\"mailto:waldpaedagogik@forst.hessen.de\">waldpaedagogik@forst.hessen.de<\/a><\/p>\n\n\n\n<p class=\"has-nv-c-1-background-color has-background\"><strong>Mecklenburg-Vorpommern <\/strong><br><a rel=\"noreferrer noopener\" href=\"http:\/\/www.wald-mv.de\/\" target=\"_blank\">Landesforst Mecklenburg-Vorpommern<\/a><strong> &#8211; <\/strong>Anstalt des \u00f6ffentlichen Rechts <br>Fritz-Reuter-Platz 9, 17139 Malchin<br>in Zusammenarbeit mit dem BiLSE-Institut G\u00fcstrow<br>E-Mail: <a href=\"mailto:waldpaedagogik.zertifikat@lfoa-mv.de\">waldpaedagogik.zertifikat@lfoa-mv.de<\/a><\/p>\n\n\n\n<p class=\"has-nv-c-1-background-color has-background\"><strong>Niedersachsen<\/strong><br><a rel=\"noreferrer noopener\" href=\"https:\/\/www.landesforsten.de\/erleben\/waldpaedagogik\/waldpaedagogikzertifikat\/\" target=\"_blank\">Nieders\u00e4chsische Landesforsten<\/a><br>E:Mail: <a href=\"mailto:waldpaedagogik.zertifikat@nlf.niedersachsen.de\">waldpaedagogik.zertifikat@nlf.niedersachsen.de<\/a> <\/p>\n\n\n\n<p class=\"has-nv-c-1-background-color has-background\"><strong>Nordrhein-Westfalen<\/strong><br><a rel=\"noreferrer noopener\" href=\"https:\/\/www.wald-und-holz.nrw.de\/wald-erleben\/waldumweltbildung\/zertifikatslehrgang-waldpaedagogik\/\" target=\"_blank\">Landesbetrieb Wald und Holz NRW<\/a><br>Wald und Holz NRW in Zusammenarbeit mit der Natur- und Umweltschutzakademie NRW<br>E-Mail: <a href=\"mailto:zwp@wald-und-holz.nrw.de\">zwp@wald-und-holz.nrw.d<\/a><a href=\"mailto:forstliches-bildungszentrum@wald-und-holz.nrw.de\"><a href=\"mailto:zwp@wald-und-holz.nrw.de\">e<\/a><\/a><\/p>\n\n\n\n<p class=\"has-nv-c-1-background-color has-background\"><strong>Rheinland- Pfalz<\/strong><br><a rel=\"noreferrer noopener\" href=\"https:\/\/www.wald.rlp.de\/de\/erleben\/zertifikat-waldpaedagogik\/\" target=\"_blank\">Landesforsten Rheinland-Pfalz<\/a><br>FA Soonwald, Walderlebniszentrum Gesch\u00e4ftsstelle Zertifikat Waldp\u00e4dagogik <br>Neupfalz 1, 55442 Stromberg<br>E-Mail: <a href=\"mailto:zertifikat@wald-rlp.de\">zertifikat@wald-rlp.de<\/a><\/p>\n\n\n\n<p class=\"has-nv-c-1-background-color has-background\"><strong>Saarland<\/strong><br><em>zur Zeit kein Angebot<\/em><\/p>\n\n\n\n<p class=\"has-nv-c-1-background-color has-background\"><strong>Sachsen<\/strong><br><a rel=\"noreferrer noopener\" href=\"https:\/\/www.sbs.sachsen.de\/zertifikat-waldpaedagogik-7947.html#a-7959\" target=\"_blank\">Staatsbetrieb Sachsenforst<\/a><br>in Zusammenarbeit mit der Akademie der S\u00e4chsischen Landesstiftung f\u00fcr Natur und Umwelt<br>Riesaer Stra\u00dfe 7, 01129 Dresden<br>E-Mail: <a href=\"mailto:Poststelle.sbs@smul.sachsen.de\">poststelle.sbs@smul.sachsen.de<\/a><\/p>\n\n\n\n<p class=\"has-nv-c-1-background-color has-background\"><strong>Sachsen-Anhalt<\/strong><br><a rel=\"noreferrer noopener\" href=\"http:\/\/landeszentrumwald.sachsen-anhalt.de\/waldpaedagogik\/waldpaedagogik-zertifikat\/\" target=\"_blank\">Landeszentrum Wald Sachsen-Anhalt<\/a> &#8211; Haus des Waldes <br>Schloss 2a <br>39343 Hundisburg <br>E-Mail: <a href=\"mailto:waldpaedagogik@lzw.mlu.sachsen-anhalt.de\">hausdeswaldes@lzw.mlu.sachsen-anhalt.de<\/a><\/p>\n\n\n\n<p class=\"has-nv-c-1-background-color has-background\"><strong>Schleswig-Holstein<\/strong><br><a rel=\"noreferrer noopener\" href=\"http:\/\/www.forst-sh.de\/leben\/waldpaedagogik\/waldpaedagogik-zertifikat.html\" target=\"_blank\">Schleswig-Holsteinische Landesforsten<\/a><br>Erlebniswald Trappenkamp, Tannenhof, 24635 Daldorf<br>E-Mail: <a href=\"mailto:zertifikat@forst-sh.de\">zertifikat@forst-sh.de<\/a>, E-Mail: <a href=\"mailto:kerstin.schiele@forst-sh.de\">mailto:kerstin.schiele@forst-sh.de<\/a><br><\/p>\n\n\n\n<p class=\"has-nv-c-1-background-color has-background\"><strong>Th\u00fcringen<\/strong><br>E-Mail:<\/p>\n<\/div>\n<\/div>\n<\/div><\/div>\n\n\n\n<p><\/p>\n<\/div><\/div>\n","protected":false},"excerpt":{"rendered":"<p>Tr\u00e4ger des Zertifikates Waldp\u00e4dagogik sind die einzelnen Landesforstverwaltungen. Ausk\u00fcnfte f\u00fcr die konkreten Kursangebote erhalten Sie bei den verantwortlichen Stellen der Bundesl\u00e4nder und ihrer Partner: Baden-W\u00fcrttembergForst Baden-W\u00fcrttemberg Haus des WaldesK\u00f6nigstr\u00e4\u00dfle 74, 70597 StuttgartE-Mail: hausdeswaldes.@forstbw.de BayernBayerische ForstverwaltungBayerische Landesanstalt f\u00fcr Wald und Forstwirtschaft, Abteilung 8 &#8211; Wissenstransfer, \u00d6ffentlichkeitsarbeit, Waldp\u00e4dagogik, Koordinierungsstelle Zertifikat Waldp\u00e4dagogikHans-Carl-von-Carlowitz-Platz 1, 85354 FreisingE-Mail: zertifikat.waldpaedagogik@lwf.bayern.de BerlinBerliner ForstenE-Mail:&hellip;&nbsp;<a href=\"https:\/\/neu.zertifikat-waldpaedagogik.de\/?page_id=49\" class=\"\" rel=\"bookmark\">Weiterlesen &raquo;<span class=\"screen-reader-text\">Kursanbieter<\/span><\/a><\/p>\n","protected":false},"author":1,"featured_media":0,"parent":0,"menu_order":0,"comment_status":"closed","ping_status":"closed","template":"","meta":{"neve_meta_sidebar":"full-width","neve_meta_container":"default","neve_meta_enable_content_width":"on","neve_meta_content_width":100,"neve_meta_title_alignment":"","neve_meta_author_avatar":"","neve_post_elements_order":"","neve_meta_disable_header":"","neve_meta_disable_footer":"","neve_meta_disable_title":"","footnotes":""},"class_list":["post-49","page","type-page","status-publish","hentry"],"_links":{"self":[{"href":"https:\/\/neu.zertifikat-waldpaedagogik.de\/index.php?rest_route=\/wp\/v2\/pages\/49","targetHints":{"allow":["GET"]}}],"collection":[{"href":"https:\/\/neu.zertifikat-waldpaedagogik.de\/index.php?rest_route=\/wp\/v2\/pages"}],"about":[{"href":"https:\/\/neu.zertifikat-waldpaedagogik.de\/index.php?rest_route=\/wp\/v2\/types\/page"}],"author":[{"embeddable":true,"href":"https:\/\/neu.zertifikat-waldpaedagogik.de\/index.php?rest_route=\/wp\/v2\/users\/1"}],"replies":[{"embeddable":true,"href":"https:\/\/neu.zertifikat-waldpaedagogik.de\/index.php?rest_route=%2Fwp%2Fv2%2Fcomments&post=49"}],"version-history":[{"count":38,"href":"https:\/\/neu.zertifikat-waldpaedagogik.de\/index.php?rest_route=\/wp\/v2\/pages\/49\/revisions"}],"predecessor-version":[{"id":345,"href":"https:\/\/neu.zertifikat-waldpaedagogik.de\/index.php?rest_route=\/wp\/v2\/pages\/49\/revisions\/345"}],"wp:attachment":[{"href":"https:\/\/neu.zertifikat-waldpaedagogik.de\/index.php?rest_route=%2Fwp%2Fv2%2Fmedia&parent=49"}],"curies":[{"name":"wp","href":"https:\/\/api.w.org\/{rel}","templated":true}]}}