{"id":86,"date":"2021-01-21T23:17:08","date_gmt":"2021-01-21T23:17:08","guid":{"rendered":"http:\/\/neu.zertifikat-waldpaedagogik.de\/?page_id=86"},"modified":"2021-03-26T08:31:12","modified_gmt":"2021-03-26T08:31:12","slug":"datenschutz","status":"publish","type":"page","link":"https:\/\/neu.zertifikat-waldpaedagogik.de\/?page_id=86","title":{"rendered":"Datenschutz"},"content":{"rendered":"\n<p><strong>Anonyme Datenerhebung<\/strong><\/p>\n\n\n\n<p>Sie k\u00f6nnen diese Webseiten grunds\u00e4tzlich besuchen, ohne uns mitzuteilen, wer Sie sind. Wir erfahren nur anonymisierte statistische Daten \u00fcber den Besuch unserer Webseiten. Diese Informationen werden zu statistischen Zwecken ausgewertet.<\/p>\n\n\n\n<p><strong>Erhebung und Verarbeitung personenbezogener Daten<\/strong><\/p>\n\n\n\n<p>Personenbezogene Daten werden nur erhoben, wenn Sie uns diese von sich aus, zum Beispiel \u00fcber eine E-Mail Anfrage mitteilen und diese f\u00fcr die Bearbeitung des Anliegens notwendig sind. Die verantwortliche Stelle h\u00e4lt sich dabei an die Vorgaben der Art 5 und 6 EU-DSGVO.<\/p>\n\n\n\n<p><strong>Nutzung und Weitergabe personenbezogener Daten<\/strong><\/p>\n\n\n\n<p>Die im Rahmen der Webseiten der verantwortlichen Stelle erhobenen personenbezogenen Daten werden nur zur Bearbeitung Ihrer Anfragen genutzt. Im \u00dcbrigen findet keine Speicherung oder Weitergabe an sonstige Dritte statt.<\/p>\n\n\n\n<p><strong>Externe Links<\/strong><\/p>\n\n\n\n<p>Zu Ihrer Information finden Sie auf unseren Seiten Links, die auf Seiten Dritter verweisen. Die verantwortliche Stelle hat keinerlei Einfluss auf den Inhalt und die Gestaltung dieser Seiten anderer Anbieter. Die Garantien dieser Datenschutzerkl\u00e4rung gelten daher f\u00fcr externe Anbieter nicht.<\/p>\n","protected":false},"excerpt":{"rendered":"<p>Anonyme Datenerhebung Sie k\u00f6nnen diese Webseiten grunds\u00e4tzlich besuchen, ohne uns mitzuteilen, wer Sie sind. Wir erfahren nur anonymisierte statistische Daten \u00fcber den Besuch unserer Webseiten. Diese Informationen werden zu statistischen Zwecken ausgewertet. Erhebung und Verarbeitung personenbezogener Daten Personenbezogene Daten werden nur erhoben, wenn Sie uns diese von sich aus, zum Beispiel \u00fcber eine E-Mail Anfrage&hellip;&nbsp;<a href=\"https:\/\/neu.zertifikat-waldpaedagogik.de\/?page_id=86\" class=\"\" rel=\"bookmark\">Weiterlesen &raquo;<span class=\"screen-reader-text\">Datenschutz<\/span><\/a><\/p>\n","protected":false},"author":1,"featured_media":0,"parent":0,"menu_order":5,"comment_status":"closed","ping_status":"closed","template":"","meta":{"neve_meta_sidebar":"full-width","neve_meta_container":"","neve_meta_enable_content_width":"on","neve_meta_content_width":100,"neve_meta_title_alignment":"","neve_meta_author_avatar":"","neve_post_elements_order":"","neve_meta_disable_header":"","neve_meta_disable_footer":"","neve_meta_disable_title":"","footnotes":""},"class_list":["post-86","page","type-page","status-publish","hentry"],"_links":{"self":[{"href":"https:\/\/neu.zertifikat-waldpaedagogik.de\/index.php?rest_route=\/wp\/v2\/pages\/86","targetHints":{"allow":["GET"]}}],"collection":[{"href":"https:\/\/neu.zertifikat-waldpaedagogik.de\/index.php?rest_route=\/wp\/v2\/pages"}],"about":[{"href":"https:\/\/neu.zertifikat-waldpaedagogik.de\/index.php?rest_route=\/wp\/v2\/types\/page"}],"author":[{"embeddable":true,"href":"https:\/\/neu.zertifikat-waldpaedagogik.de\/index.php?rest_route=\/wp\/v2\/users\/1"}],"replies":[{"embeddable":true,"href":"https:\/\/neu.zertifikat-waldpaedagogik.de\/index.php?rest_route=%2Fwp%2Fv2%2Fcomments&post=86"}],"version-history":[{"count":2,"href":"https:\/\/neu.zertifikat-waldpaedagogik.de\/index.php?rest_route=\/wp\/v2\/pages\/86\/revisions"}],"predecessor-version":[{"id":313,"href":"https:\/\/neu.zertifikat-waldpaedagogik.de\/index.php?rest_route=\/wp\/v2\/pages\/86\/revisions\/313"}],"wp:attachment":[{"href":"https:\/\/neu.zertifikat-waldpaedagogik.de\/index.php?rest_route=%2Fwp%2Fv2%2Fmedia&parent=86"}],"curies":[{"name":"wp","href":"https:\/\/api.w.org\/{rel}","templated":true}]}}