{"id":89,"date":"2021-01-21T23:24:57","date_gmt":"2021-01-21T23:24:57","guid":{"rendered":"http:\/\/neu.zertifikat-waldpaedagogik.de\/?page_id=89"},"modified":"2023-09-19T14:14:08","modified_gmt":"2023-09-19T14:14:08","slug":"impressum","status":"publish","type":"page","link":"https:\/\/neu.zertifikat-waldpaedagogik.de\/?page_id=89","title":{"rendered":"Impressum"},"content":{"rendered":"\n<p>Kontakt zum Bundesarbeitskreis Zertifikat Waldp\u00e4dagogik:<\/p>\n\n\n\n<p><em>Bundesarbeitskreis Zertifikat Waldp\u00e4dagogik<\/em><br>c\/o Stefan Heinzel<br>Landeszentrum Wald Sachsen-Anhalt<br><em>Haus des Waldes<\/em><br><em>Schloss 2a<\/em><br><em>39343 Hundisburg<\/em><br><em><a href=\"mailto:s.heinzel@lzw.mlu.sachsen-anhalt.de\">s.heinzel@lzw.mlu.sachsen-anhalt.de<\/a><\/em>&nbsp;<br><\/p>\n\n\n\n<p><strong>Impressum<\/strong><\/p>\n\n\n\n<p>Verantwortlich f\u00fcr den Internetauftritt des Arbeitskreises Zertifikat Waldp\u00e4dagogik: <br>Bundesarbeitskreis Zertifikat Waldp\u00e4dagogik<br>c\/o Stefan Heinzel<br>Landeszentrum Wald Sachsen-Anhalt<br><em>Haus des Waldes<\/em><br><em>Schloss 2a<\/em><br><em>39343 Hundisburg<\/em><br><em><a href=\"mailto:s.heinzel@lzw.mlu.sachsen-anhalt.de\">s.heinzel@lzw.mlu.sachsen-anhalt.de<\/a><\/em>&nbsp; <br><br>Auf diesen Internetseiten stellt der Arbeitskreis Ergebnisse seiner T\u00e4tigkeit dar. Wenn Sie sich f\u00fcr die Teilnahme an einem Zertifikatskurs interessieren, nehmen Sie bitte Kontakt mit den jeweiligen <a href=\"http:\/\/www.xn--zertifikat-waldpdagogik-b8b.de\/anbietertraeger.html\">Anbietern und Tr\u00e4gern<\/a> auf.<\/p>\n\n\n\n<p>Alle Informationsangebote sind freibleibend und unverbindlich. Der Bundesarbeitskreis Zertifikat Waldp\u00e4dagogik beh\u00e4lt es sich ausdr\u00fccklich vor, Teile der Seiten oder das gesamte Angebot ohne gesonderte Ank\u00fcndigung zu ver\u00e4ndern, zu erg\u00e4nzen, zu l\u00f6schen oder die Ver\u00f6ffentlichung zeitweise oder endg\u00fcltig einzustellen.<\/p>\n\n\n\n<p><strong>Haftungsausschluss<\/strong><br>Der Bundesarbeitskreis Zertifikat Waldp\u00e4dagogik ist bem\u00fcht, alle Daten aktuell, vollst\u00e4ndig und korrekt ins Netz zu stellen. Wir bedauern, wenn und dies im Einzelfall nicht gelingen sollte. Haftungsanspr\u00fcche gegen den Bundesarbeitskreis Zertifikat Waldp\u00e4dagogik oder seine Partner f\u00fcr Sch\u00e4den materieller oder ideeller Art, die durch die Nutzung oder Nichtnutzung der dargebotenen Informationen bzw. durch die Nutzung fehlerhafter und unvollst\u00e4ndiger Informationen verursacht wurden, sind grunds\u00e4tzlich ausgeschlossen, sofern seitens des Bundesarbeitskreis Zertifikat Waldp\u00e4dagogik oder seiner Partner kein nachweislich vors\u00e4tzliches oder grob fahrl\u00e4ssiges Verschulden vorliegt. F\u00fcr die Inhalte auf verlinkten fremden Seiten sind die jeweiligen Informationsanbieter zust\u00e4ndig, hierf\u00fcr \u00fcbernehmen wir keine Verantwortung und distanzieren uns insofern ausdr\u00fccklich von deren Inhalten. Dies gilt insbesondere f\u00fcr Inhalte, deren Verbreitung nach deutschem und ausl\u00e4ndischem Recht verboten ist und deren Beihilfe zur Verbreitung strafrechtlich verfolgt wird. Auch k\u00f6nnen wir leider keine Virenfreiheit unseres Internetangebotes oder der verlinkten Seiten garantieren.<\/p>\n\n\n\n<p><strong>Urheberrrecht<\/strong><br>Alle Inhalte und Bilder unterliegen dem Urheberrecht und d\u00fcrfen nur mit schriftlicher Genehmigung des Arbeitskreises kopiert und weiterverwendet werden.<\/p>\n","protected":false},"excerpt":{"rendered":"<p>Kontakt zum Bundesarbeitskreis Zertifikat Waldp\u00e4dagogik: Bundesarbeitskreis Zertifikat Waldp\u00e4dagogikc\/o Stefan HeinzelLandeszentrum Wald Sachsen-AnhaltHaus des WaldesSchloss 2a39343 Hundisburgs.heinzel@lzw.mlu.sachsen-anhalt.de&nbsp; Impressum Verantwortlich f\u00fcr den Internetauftritt des Arbeitskreises Zertifikat Waldp\u00e4dagogik: Bundesarbeitskreis Zertifikat Waldp\u00e4dagogikc\/o Stefan HeinzelLandeszentrum Wald Sachsen-AnhaltHaus des WaldesSchloss 2a39343 Hundisburgs.heinzel@lzw.mlu.sachsen-anhalt.de&nbsp; Auf diesen Internetseiten stellt der Arbeitskreis Ergebnisse seiner T\u00e4tigkeit dar. Wenn Sie sich f\u00fcr die Teilnahme an einem Zertifikatskurs&hellip;&nbsp;<a href=\"https:\/\/neu.zertifikat-waldpaedagogik.de\/?page_id=89\" class=\"\" rel=\"bookmark\">Weiterlesen &raquo;<span class=\"screen-reader-text\">Impressum<\/span><\/a><\/p>\n","protected":false},"author":1,"featured_media":0,"parent":0,"menu_order":0,"comment_status":"closed","ping_status":"closed","template":"","meta":{"neve_meta_sidebar":"full-width","neve_meta_container":"","neve_meta_enable_content_width":"on","neve_meta_content_width":100,"neve_meta_title_alignment":"","neve_meta_author_avatar":"","neve_post_elements_order":"","neve_meta_disable_header":"","neve_meta_disable_footer":"","neve_meta_disable_title":"","footnotes":""},"class_list":["post-89","page","type-page","status-publish","hentry"],"_links":{"self":[{"href":"https:\/\/neu.zertifikat-waldpaedagogik.de\/index.php?rest_route=\/wp\/v2\/pages\/89","targetHints":{"allow":["GET"]}}],"collection":[{"href":"https:\/\/neu.zertifikat-waldpaedagogik.de\/index.php?rest_route=\/wp\/v2\/pages"}],"about":[{"href":"https:\/\/neu.zertifikat-waldpaedagogik.de\/index.php?rest_route=\/wp\/v2\/types\/page"}],"author":[{"embeddable":true,"href":"https:\/\/neu.zertifikat-waldpaedagogik.de\/index.php?rest_route=\/wp\/v2\/users\/1"}],"replies":[{"embeddable":true,"href":"https:\/\/neu.zertifikat-waldpaedagogik.de\/index.php?rest_route=%2Fwp%2Fv2%2Fcomments&post=89"}],"version-history":[{"count":5,"href":"https:\/\/neu.zertifikat-waldpaedagogik.de\/index.php?rest_route=\/wp\/v2\/pages\/89\/revisions"}],"predecessor-version":[{"id":343,"href":"https:\/\/neu.zertifikat-waldpaedagogik.de\/index.php?rest_route=\/wp\/v2\/pages\/89\/revisions\/343"}],"wp:attachment":[{"href":"https:\/\/neu.zertifikat-waldpaedagogik.de\/index.php?rest_route=%2Fwp%2Fv2%2Fmedia&parent=89"}],"curies":[{"name":"wp","href":"https:\/\/api.w.org\/{rel}","templated":true}]}}