{"id":9,"date":"2021-01-21T18:40:10","date_gmt":"2021-01-21T18:40:10","guid":{"rendered":"http:\/\/neu.zertifikat-waldpaedagogik.de\/?page_id=9"},"modified":"2021-03-26T08:33:53","modified_gmt":"2021-03-26T08:33:53","slug":"das-zertifikat","status":"publish","type":"page","link":"https:\/\/neu.zertifikat-waldpaedagogik.de\/","title":{"rendered":"Staatliches Zertifikat"},"content":{"rendered":"\n<h3 class=\"wp-block-heading\">Ein bundesweit g\u00fcltiges Zertifikat der L\u00e4nder <\/h3>\n\n\n\n<p>Waldp\u00e4dagogik oder waldbezogene Bildungsarbeit ist in unserer au\u00dferschulischen Bildungslandschaft mit vielf\u00e4ltigen Angeboten etabliert. Um die Qualit\u00e4t in der Waldp\u00e4dagogik zu sichern, erarbeitete der \u201eBundesarbeitskreis Zertifikat Waldp\u00e4dagogik\u201c Mindeststandards f\u00fcr einen Zertifikatslehrgang Waldp\u00e4dagogik.&nbsp;<\/p>\n\n\n\n<p>Das \u201eZertifikat Waldp\u00e4dagogik\u201c stellt den bundeseinheitlichen Fortbildungs- und Pr\u00fcfungsrahmen dar, auf den sich die Bundesl\u00e4nder durch ihre jeweiligen Forstverwaltungen oder Landesbetriebe als staatliche Tr\u00e4ger in der Bund-L\u00e4nder-Forstchefkonferenz (FCK) verbindlich verst\u00e4ndigt haben.<\/p>\n\n\n\n<p>Durch die Vergabe des Zertifikats mit seinen definierten Mindeststandards wird die waldp\u00e4dagogische Arbeit professionalisiert und ihr Marktwert verbessert. Anbieter der Fortbildungskurse sind die Forstverwaltungen der L\u00e4nder mit ihren Partnern und beauftragten Stellen.<\/p>\n\n\n\n<p><strong>Ziele<\/strong><\/p>\n\n\n<p><!--more--><\/p>\n\n\n<div class=\"wp-block-group\"><div class=\"wp-block-group__inner-container is-layout-flow wp-block-group-is-layout-flow\">\n<p>Das bundesweite Zertifikat Waldp\u00e4dagogik verfolgt die Ziele:<\/p>\n<\/div><\/div>\n\n\n\n<ul class=\"wp-block-list\"><li>einheitliche Qualit\u00e4tsstandards zur Fortbildung von Waldp\u00e4dagoginnen und Waldp\u00e4dagogen in Deutschland zu etablieren,<\/li><li>ein einheitliches Qualit\u00e4tsniveau in der waldp\u00e4dagogischen Praxis sicher zu stellen,<\/li><li>die waldp\u00e4dagogischen Arbeit und Netzwerkbildung zu f\u00f6rdern,<\/li><li>die Nachfrage f\u00fcr zertifizierte Waldp\u00e4dagoginnen und Waldp\u00e4dagogen zu erh\u00f6hen und ihre Marktchancen zu verbessern, <\/li><li>eine Grundlage f\u00fcr die Vergabe von waldp\u00e4dagogischen Dienstleistungsauftr\u00e4gen zu bieten,<\/li><li>einen Beitrag zur Umsetzung der Agenda 21, UN-Dekade \u201eBildung f\u00fcr nachhaltige Entwicklung\u201c und des Forstaktionsplanes der EU zu leisten.<\/li><\/ul>\n\n\n\n<p><strong>Zielgruppen<\/strong><\/p>\n\n\n\n<p>Das Angebot der Zertifikatslehrg\u00e4nge Waldp\u00e4dagogik wendet sich an<\/p>\n\n\n\n<ul class=\"wp-block-list\"><li>Personen mit einer abgeschlossenen, berufsqualifizierenden Ausbildung vornehmlich im \u201egr\u00fcnen\u201c oder \u201ep\u00e4dagogischem\u201c Bereich oder langj\u00e4hriger Erfahrung in den genannten Gebieten (Ausnahme sind bei pers\u00f6nlicher Eignung m\u00f6glich),<\/li><li>Personen, die eine pers\u00f6nliche Beziehung zum Wald besitzen,<\/li><li>Personen, die die F\u00e4higkeit zur Selbst- und Gruppenreflexion sowie Empathief\u00e4higkeit besitzen.<\/li><\/ul>\n","protected":false},"excerpt":{"rendered":"<p>Ein bundesweit g\u00fcltiges Zertifikat der L\u00e4nder Waldp\u00e4dagogik oder waldbezogene Bildungsarbeit ist in unserer au\u00dferschulischen Bildungslandschaft mit vielf\u00e4ltigen Angeboten etabliert. Um die Qualit\u00e4t in der Waldp\u00e4dagogik zu sichern, erarbeitete der \u201eBundesarbeitskreis Zertifikat Waldp\u00e4dagogik\u201c Mindeststandards f\u00fcr einen Zertifikatslehrgang Waldp\u00e4dagogik.&nbsp; Das \u201eZertifikat Waldp\u00e4dagogik\u201c stellt den bundeseinheitlichen Fortbildungs- und Pr\u00fcfungsrahmen dar, auf den sich die Bundesl\u00e4nder durch ihre jeweiligen&hellip;&nbsp;<a href=\"https:\/\/neu.zertifikat-waldpaedagogik.de\/\" class=\"\" rel=\"bookmark\">Weiterlesen &raquo;<span class=\"screen-reader-text\">Staatliches Zertifikat<\/span><\/a><\/p>\n","protected":false},"author":1,"featured_media":205,"parent":0,"menu_order":0,"comment_status":"closed","ping_status":"closed","template":"","meta":{"neve_meta_sidebar":"full-width","neve_meta_container":"","neve_meta_enable_content_width":"on","neve_meta_content_width":100,"neve_meta_title_alignment":"","neve_meta_author_avatar":"","neve_post_elements_order":"","neve_meta_disable_header":"","neve_meta_disable_footer":"","neve_meta_disable_title":"","footnotes":""},"class_list":["post-9","page","type-page","status-publish","has-post-thumbnail","hentry"],"_links":{"self":[{"href":"https:\/\/neu.zertifikat-waldpaedagogik.de\/index.php?rest_route=\/wp\/v2\/pages\/9","targetHints":{"allow":["GET"]}}],"collection":[{"href":"https:\/\/neu.zertifikat-waldpaedagogik.de\/index.php?rest_route=\/wp\/v2\/pages"}],"about":[{"href":"https:\/\/neu.zertifikat-waldpaedagogik.de\/index.php?rest_route=\/wp\/v2\/types\/page"}],"author":[{"embeddable":true,"href":"https:\/\/neu.zertifikat-waldpaedagogik.de\/index.php?rest_route=\/wp\/v2\/users\/1"}],"replies":[{"embeddable":true,"href":"https:\/\/neu.zertifikat-waldpaedagogik.de\/index.php?rest_route=%2Fwp%2Fv2%2Fcomments&post=9"}],"version-history":[{"count":14,"href":"https:\/\/neu.zertifikat-waldpaedagogik.de\/index.php?rest_route=\/wp\/v2\/pages\/9\/revisions"}],"predecessor-version":[{"id":233,"href":"https:\/\/neu.zertifikat-waldpaedagogik.de\/index.php?rest_route=\/wp\/v2\/pages\/9\/revisions\/233"}],"wp:featuredmedia":[{"embeddable":true,"href":"https:\/\/neu.zertifikat-waldpaedagogik.de\/index.php?rest_route=\/wp\/v2\/media\/205"}],"wp:attachment":[{"href":"https:\/\/neu.zertifikat-waldpaedagogik.de\/index.php?rest_route=%2Fwp%2Fv2%2Fmedia&parent=9"}],"curies":[{"name":"wp","href":"https:\/\/api.w.org\/{rel}","templated":true}]}}